{"id":859,"date":"2017-01-17T13:51:18","date_gmt":"2017-01-17T12:51:18","guid":{"rendered":"http:\/\/www.katar-information.de\/?page_id=859"},"modified":"2017-04-19T22:42:49","modified_gmt":"2017-04-19T20:42:49","slug":"flug-und-einreise-mit-hund-nach-katar","status":"publish","type":"page","link":"https:\/\/www.katar-information.de\/index.php\/flug-nach-doha-katar\/flug-und-einreise-mit-hund-nach-katar\/","title":{"rendered":"Flug und Einreise mit Hund nach Katar"},"content":{"rendered":"<h2>Einreise mit einem Hund bzw. Haustier nach Katar<\/h2>\n<p>Katar ist ein Emirat im nahen Osten, welches von den warmen Gew\u00e4ssern des Persischen Golfes umgeben ist. Das <a href=\"http:\/\/www.katar-information.de\/index.php\/urlaub-in-katar\/\">Urlaubsland Katar<\/a> ist per Flug nach Doha (Hamad International Airport in Doha) zum nach ca. 6 Flugstunden aus Deutschland zu erreichen. Damit ist vor einer <a href=\"http:\/\/www.katar-information.de\/index.php\/flug-nach-doha-katar\/\">Flugreise nach Katar<\/a> zu kl\u00e4ren, ob die Mitnahme von Tieren gestattet ist. Bei einem <a href=\"http:\/\/www.katar-information.de\/index.php\/flug-nach-doha-katar\/sicherer-flug-nach-doha-mit-qatar-airways\/\">Flug mit Qatar Airways<\/a> in das Emirat ist ausschlie\u00dflich die Mitnahme von Begleithunden und Falken erlaubt.<\/p>\n<h3>Einschr\u00e4nkungen bei der Einreise mit Hund nach Katar<\/h3>\n<p>Bei Fl\u00fcgen aus den USA nach Katar bzw. aus Katar in die USA bzw. umgekehrt sind Begleithunde nur in Kabine erlaubt. Bei anderen <a href=\"http:\/\/www.katar-information.de\/index.php\/flug-nach-doha-katar\/flugroute-nach-doha-katar\/\">Flugrouten nach Doha (Katar)<\/a> m\u00fcssen die Tiere als Gep\u00e4ck aufgegeben und anschlie\u00dfend im Frachtraum transportiert werden. Gegen eine entsprechende Zusatzgeb\u00fchr werden lebende Tiere bzw. Haustiere als kostenpflichtige Fracht bzw. Gep\u00e4ck bef\u00f6rdert. Der Fluggast, der das Tier mit sich f\u00fchrt, hat als Tierbesitzer sicherzustellen, dass das Tier f\u00fcr die gesamte Reise entsprechend gut untergebracht sowie mit hinreichend Wasser bzw. Futter versorgt ist.<\/p>\n<h3>In welchen F\u00e4llen wird die Einreise mit einem Hund nach Katar abgelehnt<\/h3>\n<p>In diversen F\u00e4llen wird der Transport von  Tieren abgelehnt. Diese sind z. B.<\/p>\n<ul>\n<li>Jungtiere, j\u00fcnger als acht Wochen<\/li>\n<li>kranke bzw. sehr geschw\u00e4chte Tiere<\/li>\n<li>stillende weibliche Tiere inklusive den s\u00e4ugenden Jungtieren<\/li>\n<li>Hunde, Katzen u. \u00e4. die bereits \u00fcber einen Zeitraum von sechs Wochen tragend sind<\/li>\n<\/ul>\n<p>Bez\u00fcglich der letzten beiden Punkte ist eine Bef\u00f6rderung der Tiere nur m\u00f6glich, wenn ein entsprechendes Gutachten eines Veterin\u00e4rmediziners vorliegt, welches dem Transport zustimmt und eine Geburt ausgeschlossen wird.<\/p>\n<h3>Vorgaben f\u00fcr einen Flug nach Katar mit Hund bzw. Haustier variieren je nach Airline<\/h3>\n<p>Falls weitere Informationen bez\u00fcglich der Thematik, Flug und Einreise mit Hund bzw. Haustier nach Katar, n\u00f6tig sind, sollten Interessierte bei entsprechenden Stellen (Qatar Airways, Botschaft von Katar oder Tourismusvertretung) detaillierter nachfragen.<br \/>\nEbenso ist zu beachten, dass Vorgaben und Regelungen bzgl. des Transportes im Rahmen eines Fluges nach Doha bzw. aus Doha je nach Fluglinie variieren k\u00f6nnen. Daher sollten sich Flugreinsende vorab bei der entsprechenden Airline erkundigen.<\/p>\n","protected":false},"excerpt":{"rendered":"<div class=\"slide-text-bg2\"><span>Einreise mit einem Hund bzw. Haustier nach Katar Katar ist ein Emirat im nahen Osten, welches von den warmen Gew\u00e4ssern des Persischen Golfes umgeben ist. <\/span><\/div>\n<div class=\"slide-btn-area-sm\"><a href=\"https:\/\/www.katar-information.de\/index.php\/flug-nach-doha-katar\/flug-und-einreise-mit-hund-nach-katar\/\" class=\"slide-btn-sm\">weiterlesen<\/a><\/div>\n","protected":false},"author":1,"featured_media":0,"parent":30,"menu_order":100,"comment_status":"closed","ping_status":"closed","template":"","meta":{"footnotes":""},"class_list":["post-859","page","type-page","status-publish","hentry"],"_links":{"self":[{"href":"https:\/\/www.katar-information.de\/index.php\/wp-json\/wp\/v2\/pages\/859","targetHints":{"allow":["GET"]}}],"collection":[{"href":"https:\/\/www.katar-information.de\/index.php\/wp-json\/wp\/v2\/pages"}],"about":[{"href":"https:\/\/www.katar-information.de\/index.php\/wp-json\/wp\/v2\/types\/page"}],"author":[{"embeddable":true,"href":"https:\/\/www.katar-information.de\/index.php\/wp-json\/wp\/v2\/users\/1"}],"replies":[{"embeddable":true,"href":"https:\/\/www.katar-information.de\/index.php\/wp-json\/wp\/v2\/comments?post=859"}],"version-history":[{"count":6,"href":"https:\/\/www.katar-information.de\/index.php\/wp-json\/wp\/v2\/pages\/859\/revisions"}],"predecessor-version":[{"id":1193,"href":"https:\/\/www.katar-information.de\/index.php\/wp-json\/wp\/v2\/pages\/859\/revisions\/1193"}],"up":[{"embeddable":true,"href":"https:\/\/www.katar-information.de\/index.php\/wp-json\/wp\/v2\/pages\/30"}],"wp:attachment":[{"href":"https:\/\/www.katar-information.de\/index.php\/wp-json\/wp\/v2\/media?parent=859"}],"curies":[{"name":"wp","href":"https:\/\/api.w.org\/{rel}","templated":true}]}}