{"id":934,"date":"2017-01-18T10:50:24","date_gmt":"2017-01-18T09:50:24","guid":{"rendered":"http:\/\/www.katar-information.de\/?page_id=934"},"modified":"2017-05-12T16:34:18","modified_gmt":"2017-05-12T14:34:18","slug":"hotel-in-doha-guenstig-online-buchen","status":"publish","type":"page","link":"https:\/\/www.katar-information.de\/index.php\/hotels-in-doha-hotels-in-katar\/hotel-in-doha-guenstig-online-buchen\/","title":{"rendered":"Hotel in Doha g\u00fcnstig online buchen"},"content":{"rendered":"<h2>Hotel in Doha g\u00fcnstig online buchen<\/h2>\n<div id=\"attachment_582\" style=\"width: 810px\" class=\"wp-caption aligncenter\"><img loading=\"lazy\" decoding=\"async\" aria-describedby=\"caption-attachment-582\" src=\"http:\/\/www.katar-information.de\/wp-content\/uploads\/2016\/12\/ezdan-hotels-doha-katar.jpg\" alt=\"Ezdan Hotels Doha Katar blauen umrahmt\" width=\"800\" height=\"375\" class=\"size-full wp-image-582\" srcset=\"https:\/\/www.katar-information.de\/wp-content\/uploads\/2016\/12\/ezdan-hotels-doha-katar.jpg 800w, https:\/\/www.katar-information.de\/wp-content\/uploads\/2016\/12\/ezdan-hotels-doha-katar-300x141.jpg 300w, https:\/\/www.katar-information.de\/wp-content\/uploads\/2016\/12\/ezdan-hotels-doha-katar-768x360.jpg 768w\" sizes=\"auto, (max-width: 800px) 100vw, 800px\" \/><p id=\"caption-attachment-582\" class=\"wp-caption-text\">Ezdan Hotels Doha Katar blauen umrahmt<\/p><\/div>\n<p>Nach einem Flug in Richtung Doha (Hauptstadt von Katar) und anschlie\u00dfender Landung auf dem <a href=\"http:\/\/www.katar-information.de\/index.php\/flug-nach-katar-flug-nach-doha\/hamad-international-airport-in-doha\/\">Hamad International Airport in Doha<\/a>\u00a0finden Katar-Urlauber immer eine M\u00f6glichkeit zur \u00dcbernachtung.<br \/>\n<div id=\"attachment_581\" style=\"width: 810px\" class=\"wp-caption aligncenter\"><img loading=\"lazy\" decoding=\"async\" aria-describedby=\"caption-attachment-581\" src=\"http:\/\/www.katar-information.de\/wp-content\/uploads\/2016\/12\/sheraton-grand-doha-resort-und-convention-hotel-in-doha-katar.jpg\" alt=\"Sheraton Grand Doha Resort &amp; Convention Hotel in Doha (Katar)\" width=\"800\" height=\"353\" class=\"size-full wp-image-581\" srcset=\"https:\/\/www.katar-information.de\/wp-content\/uploads\/2016\/12\/sheraton-grand-doha-resort-und-convention-hotel-in-doha-katar.jpg 800w, https:\/\/www.katar-information.de\/wp-content\/uploads\/2016\/12\/sheraton-grand-doha-resort-und-convention-hotel-in-doha-katar-300x132.jpg 300w, https:\/\/www.katar-information.de\/wp-content\/uploads\/2016\/12\/sheraton-grand-doha-resort-und-convention-hotel-in-doha-katar-768x339.jpg 768w\" sizes=\"auto, (max-width: 800px) 100vw, 800px\" \/><p id=\"caption-attachment-581\" class=\"wp-caption-text\">Sheraton Grand Doha Resort &#038; Convention Hotel in Doha (Katar)<\/p><\/div><\/p>\n<h3>Ohne Hotelbuchung in Doha \u00fcbernachten<\/h3>\n<p>Grundlegend stehen einer \u00dcbernachtung in Doha auch Ad-hoc zur Verf\u00fcgung. Obwohl das \u00a0Land aktuell \u00a0\u00fcber eine begrenzte Zimmerkapazit\u00e4t verf\u00fcgt wird die Anfrage nach \u00dcbernachtungen durch die aktuelle Anzahl von Urlaubern und Reisenden nicht \u00fcberschritten.<\/p>\n<p>Falls Katar-Urlauber au\u00dferhalb von Doha ein Zimmer beziehen wollen, sollte vorab sichergestellt sein, das dies m\u00f6glich ist. Grund hierf\u00fcr ist, dass Doha die mit Abstand gr\u00f6\u00dfte Stadt des Landes ist und somit auch \u00fcber die h\u00f6chste Anzahl an Hotels und \u00dcbernachtungsm\u00f6glichkeiten in Katar verf\u00fcgt.<\/p>\n","protected":false},"excerpt":{"rendered":"<div class=\"slide-text-bg2\"><span>Hotel in Doha g\u00fcnstig online buchen Nach einem Flug in Richtung Doha (Hauptstadt von Katar) und anschlie\u00dfender Landung auf dem Hamad International Airpor<\/span><\/div>\n<div class=\"slide-btn-area-sm\"><a href=\"https:\/\/www.katar-information.de\/index.php\/hotels-in-doha-hotels-in-katar\/hotel-in-doha-guenstig-online-buchen\/\" class=\"slide-btn-sm\">weiterlesen<\/a><\/div>\n","protected":false},"author":1,"featured_media":0,"parent":98,"menu_order":5,"comment_status":"closed","ping_status":"closed","template":"","meta":{"footnotes":""},"class_list":["post-934","page","type-page","status-publish","hentry"],"_links":{"self":[{"href":"https:\/\/www.katar-information.de\/index.php\/wp-json\/wp\/v2\/pages\/934","targetHints":{"allow":["GET"]}}],"collection":[{"href":"https:\/\/www.katar-information.de\/index.php\/wp-json\/wp\/v2\/pages"}],"about":[{"href":"https:\/\/www.katar-information.de\/index.php\/wp-json\/wp\/v2\/types\/page"}],"author":[{"embeddable":true,"href":"https:\/\/www.katar-information.de\/index.php\/wp-json\/wp\/v2\/users\/1"}],"replies":[{"embeddable":true,"href":"https:\/\/www.katar-information.de\/index.php\/wp-json\/wp\/v2\/comments?post=934"}],"version-history":[{"count":9,"href":"https:\/\/www.katar-information.de\/index.php\/wp-json\/wp\/v2\/pages\/934\/revisions"}],"predecessor-version":[{"id":1505,"href":"https:\/\/www.katar-information.de\/index.php\/wp-json\/wp\/v2\/pages\/934\/revisions\/1505"}],"up":[{"embeddable":true,"href":"https:\/\/www.katar-information.de\/index.php\/wp-json\/wp\/v2\/pages\/98"}],"wp:attachment":[{"href":"https:\/\/www.katar-information.de\/index.php\/wp-json\/wp\/v2\/media?parent=934"}],"curies":[{"name":"wp","href":"https:\/\/api.w.org\/{rel}","templated":true}]}}