{"id":964,"date":"2017-01-18T13:26:24","date_gmt":"2017-01-18T12:26:24","guid":{"rendered":"http:\/\/www.katar-information.de\/?page_id=964"},"modified":"2017-05-07T16:04:45","modified_gmt":"2017-05-07T14:04:45","slug":"dukhan-industrial-city","status":"publish","type":"page","link":"https:\/\/www.katar-information.de\/index.php\/staedte-in-katar\/dukhan-industrial-city\/","title":{"rendered":"Dukhan Industrial City"},"content":{"rendered":"<h2>Industriestadt Dukhan<\/h2>\n<p>Dukhan ist die gr\u00f6\u00dfte Stadt an der Westk\u00fcste von Katar. Die Industriestadt Dukhan liegt ca. 60 Kilometer westlich von der Hauptstadt Doha.<\/p>\n<h3>Str\u00e4nde bei Duhkan<\/h3>\n<p>F\u00fcr Katar-Besucher sind die Str\u00e4nde in der Bucht von Dukhan von speziellem Interesse, da diese als die besten Surfspots von Katar gelten. Der Strand von Dukhan ist ebenso ideal f\u00fcr Picknicks, Schnorcheln und Spearfishing geeignet.<\/p>\n<div id=\"attachment_1119\" style=\"width: 810px\" class=\"wp-caption aligncenter\"><img loading=\"lazy\" decoding=\"async\" aria-describedby=\"caption-attachment-1119\" class=\"size-full wp-image-1119\" src=\"http:\/\/www.katar-information.de\/wp-content\/uploads\/2017\/01\/strand-bei-dukhan.jpg\" alt=\"Strand bei Dukhan\" width=\"800\" height=\"287\" srcset=\"https:\/\/www.katar-information.de\/wp-content\/uploads\/2017\/01\/strand-bei-dukhan.jpg 800w, https:\/\/www.katar-information.de\/wp-content\/uploads\/2017\/01\/strand-bei-dukhan-300x108.jpg 300w, https:\/\/www.katar-information.de\/wp-content\/uploads\/2017\/01\/strand-bei-dukhan-768x276.jpg 768w\" sizes=\"auto, (max-width: 800px) 100vw, 800px\" \/><p id=\"caption-attachment-1119\" class=\"wp-caption-text\">Strand bei Dukhan<\/p><\/div>\n<h3>Dukhan Industrial City \u00e4lteste Industriestandort Katars<\/h3>\n<p>Dukhan Industrial City ist der \u00e4lteste Industriestandort Katars. Er wurde direkt nach der Entdeckung der \u00d6lvorkommen um 1930 gegr\u00fcndet. Dukhan wird von Katars staatlicher \u00d6l-Agentur verwaltet und nimmt einen wichtigen Platz in Katars \u00d6l-Industrie ein.<\/p>\n<h3>Eingeschr\u00e4nkter Zugang f\u00fcr Besucher von Dukhan Industrial City<\/h3>\n<p>Jede Person die Dukhan Industrial City betreten bzw. besuchen m\u00f6chte, ben\u00f6tigt eine spezielle Genehmigung.<\/p>\n<h3>Arch\u00e4ologische Fundst\u00e4tte nahe Duhkan<\/h3>\n<p>In der N\u00e4he Dukhans begannen im Jahr 1964 Arch\u00e4ologen mit Ausgrabungen zur Erforschung der fr\u00fchen Besiedlungsgeschichte Katars.<\/p>\n","protected":false},"excerpt":{"rendered":"<div class=\"slide-text-bg2\"><span>Industriestadt Dukhan Dukhan ist die gr\u00f6\u00dfte Stadt an der Westk\u00fcste von Katar. Die Industriestadt Dukhan liegt ca. 60 Kilometer westlich von der Hauptsta<\/span><\/div>\n<div class=\"slide-btn-area-sm\"><a href=\"https:\/\/www.katar-information.de\/index.php\/staedte-in-katar\/dukhan-industrial-city\/\" class=\"slide-btn-sm\">weiterlesen<\/a><\/div>\n","protected":false},"author":1,"featured_media":0,"parent":801,"menu_order":30,"comment_status":"closed","ping_status":"closed","template":"","meta":{"footnotes":""},"class_list":["post-964","page","type-page","status-publish","hentry"],"_links":{"self":[{"href":"https:\/\/www.katar-information.de\/index.php\/wp-json\/wp\/v2\/pages\/964","targetHints":{"allow":["GET"]}}],"collection":[{"href":"https:\/\/www.katar-information.de\/index.php\/wp-json\/wp\/v2\/pages"}],"about":[{"href":"https:\/\/www.katar-information.de\/index.php\/wp-json\/wp\/v2\/types\/page"}],"author":[{"embeddable":true,"href":"https:\/\/www.katar-information.de\/index.php\/wp-json\/wp\/v2\/users\/1"}],"replies":[{"embeddable":true,"href":"https:\/\/www.katar-information.de\/index.php\/wp-json\/wp\/v2\/comments?post=964"}],"version-history":[{"count":14,"href":"https:\/\/www.katar-information.de\/index.php\/wp-json\/wp\/v2\/pages\/964\/revisions"}],"predecessor-version":[{"id":1419,"href":"https:\/\/www.katar-information.de\/index.php\/wp-json\/wp\/v2\/pages\/964\/revisions\/1419"}],"up":[{"embeddable":true,"href":"https:\/\/www.katar-information.de\/index.php\/wp-json\/wp\/v2\/pages\/801"}],"wp:attachment":[{"href":"https:\/\/www.katar-information.de\/index.php\/wp-json\/wp\/v2\/media?parent=964"}],"curies":[{"name":"wp","href":"https:\/\/api.w.org\/{rel}","templated":true}]}}