{"id":966,"date":"2017-01-18T13:26:47","date_gmt":"2017-01-18T12:26:47","guid":{"rendered":"http:\/\/www.katar-information.de\/?page_id=966"},"modified":"2017-05-07T16:05:48","modified_gmt":"2017-05-07T14:05:48","slug":"mesaieed-industrial-city","status":"publish","type":"page","link":"https:\/\/www.katar-information.de\/index.php\/staedte-in-katar\/mesaieed-industrial-city\/","title":{"rendered":"Mesaieed"},"content":{"rendered":"<h2>Mesaieed s\u00fcdlich von Doha<\/h2>\n<p>Mesaieed befindet sich etwa 50 Kilometer s\u00fcdlich von Doha. Im Osten und S\u00fcden grenzt Mesaieed an den Persischen Golf. Mesaieed liegt unweit von <a href=\"http:\/\/www.katar-information.de\/index.php\/staedte-in-katar\/al-wakra\/\">Al Wakrah<\/a>. Im Stadtzentrum von Mesaieed befinden sich eine Vielzahl von Gesch\u00e4ften und Parks.<\/p>\n<div id=\"attachment_1254\" style=\"width: 810px\" class=\"wp-caption aligncenter\"><img loading=\"lazy\" decoding=\"async\" aria-describedby=\"caption-attachment-1254\" class=\"size-full wp-image-1254\" src=\"http:\/\/www.katar-information.de\/wp-content\/uploads\/2017\/01\/strasse-in-mesaieed-katar.jpg\" alt=\"Strasse in Mesaieed (Katar)\" width=\"800\" height=\"310\" srcset=\"https:\/\/www.katar-information.de\/wp-content\/uploads\/2017\/01\/strasse-in-mesaieed-katar.jpg 800w, https:\/\/www.katar-information.de\/wp-content\/uploads\/2017\/01\/strasse-in-mesaieed-katar-300x116.jpg 300w, https:\/\/www.katar-information.de\/wp-content\/uploads\/2017\/01\/strasse-in-mesaieed-katar-768x298.jpg 768w\" sizes=\"auto, (max-width: 800px) 100vw, 800px\" \/><p id=\"caption-attachment-1254\" class=\"wp-caption-text\">Strasse in Mesaieed (Katar)<\/p><\/div>\n<h3>W\u00fcstencamps<\/h3>\n<p>Mesaieed hat eine besondere Bedeutung im Bezug auf W\u00fcstensafaris bzw. W\u00fcstentrips in Katar. W\u00e4hrend der k\u00fchleren Jahreszeit werden spezielle W\u00fcstencamps errichtet, in welchen die Besucher \u00fcbernachten k\u00f6nnen. Kataris verbringen einen Teil ihrer Freizeit z. B. das Wochenende in der W\u00fcste. Diese W\u00fcstencamps sind mit Klimaanlagen, K\u00fchlschr\u00e4nken, sanit\u00e4ren Einrichtungen sowie gen\u00fcgend Verpflegung ausgestattet. Bez\u00fcglich solcher W\u00fcstencamps dient Mesaieed W\u00fcstenbesuchern als Basislager.<\/p>\n<h3>W\u00fcstenausfahrt &#8211; Zwischenstopp in Mesaieed<\/h3>\n<p>In Mesaieed k\u00f6nnen Teilnehmer von W\u00fcstentripps z. B. Vorr\u00e4te kaufen bzw. nach einem W\u00fcstentrip ihre Fahrzeuge wieder f\u00fcr die Stra\u00dfe pr\u00e4parieren (Luft aufpumpen u. \u00e4.).<\/p>\n<div id=\"attachment_1093\" style=\"width: 810px\" class=\"wp-caption aligncenter\"><img loading=\"lazy\" decoding=\"async\" aria-describedby=\"caption-attachment-1093\" class=\"size-full wp-image-1093\" src=\"http:\/\/www.katar-information.de\/wp-content\/uploads\/2017\/01\/abfahrt-in-die-wueste-bei-mesaieed.jpg\" alt=\"Abfahrt in die W\u00fcste bei Mesaieed\" width=\"800\" height=\"188\" srcset=\"https:\/\/www.katar-information.de\/wp-content\/uploads\/2017\/01\/abfahrt-in-die-wueste-bei-mesaieed.jpg 800w, https:\/\/www.katar-information.de\/wp-content\/uploads\/2017\/01\/abfahrt-in-die-wueste-bei-mesaieed-300x71.jpg 300w, https:\/\/www.katar-information.de\/wp-content\/uploads\/2017\/01\/abfahrt-in-die-wueste-bei-mesaieed-768x180.jpg 768w\" sizes=\"auto, (max-width: 800px) 100vw, 800px\" \/><p id=\"caption-attachment-1093\" class=\"wp-caption-text\">Abfahrt in die W\u00fcste bei Mesaieed<\/p><\/div>\n<h3>Mesaieed Industrial City<\/h3>\n<p>Mesaieed Industrial City ist das Zentrum der petrochemischen Industrie Katars, dies wird besonders durch den gro\u00dfen \u00dcberseehafen sowie einen Handelshafen verdeutlicht.<\/p>\n<div id=\"attachment_1249\" style=\"width: 810px\" class=\"wp-caption aligncenter\"><img loading=\"lazy\" decoding=\"async\" aria-describedby=\"caption-attachment-1249\" class=\"size-full wp-image-1249\" src=\"http:\/\/www.katar-information.de\/wp-content\/uploads\/2017\/01\/technische-anlagen-mesaieed-industrial-city-katar.jpg\" alt=\"technische Anlagen Mesaieed Industrial City Katar\" width=\"800\" height=\"284\" srcset=\"https:\/\/www.katar-information.de\/wp-content\/uploads\/2017\/01\/technische-anlagen-mesaieed-industrial-city-katar.jpg 800w, https:\/\/www.katar-information.de\/wp-content\/uploads\/2017\/01\/technische-anlagen-mesaieed-industrial-city-katar-300x107.jpg 300w, https:\/\/www.katar-information.de\/wp-content\/uploads\/2017\/01\/technische-anlagen-mesaieed-industrial-city-katar-768x273.jpg 768w\" sizes=\"auto, (max-width: 800px) 100vw, 800px\" \/><p id=\"caption-attachment-1249\" class=\"wp-caption-text\">technische Anlagen Mesaieed Industrial City Katar<\/p><\/div>\n","protected":false},"excerpt":{"rendered":"<div class=\"slide-text-bg2\"><span>Mesaieed s\u00fcdlich von Doha Mesaieed befindet sich etwa 50 Kilometer s\u00fcdlich von Doha. Im Osten und S\u00fcden grenzt Mesaieed an den Persischen Golf. Mesaieed<\/span><\/div>\n<div class=\"slide-btn-area-sm\"><a href=\"https:\/\/www.katar-information.de\/index.php\/staedte-in-katar\/mesaieed-industrial-city\/\" class=\"slide-btn-sm\">weiterlesen<\/a><\/div>\n","protected":false},"author":1,"featured_media":0,"parent":801,"menu_order":40,"comment_status":"closed","ping_status":"closed","template":"","meta":{"footnotes":""},"class_list":["post-966","page","type-page","status-publish","hentry"],"_links":{"self":[{"href":"https:\/\/www.katar-information.de\/index.php\/wp-json\/wp\/v2\/pages\/966","targetHints":{"allow":["GET"]}}],"collection":[{"href":"https:\/\/www.katar-information.de\/index.php\/wp-json\/wp\/v2\/pages"}],"about":[{"href":"https:\/\/www.katar-information.de\/index.php\/wp-json\/wp\/v2\/types\/page"}],"author":[{"embeddable":true,"href":"https:\/\/www.katar-information.de\/index.php\/wp-json\/wp\/v2\/users\/1"}],"replies":[{"embeddable":true,"href":"https:\/\/www.katar-information.de\/index.php\/wp-json\/wp\/v2\/comments?post=966"}],"version-history":[{"count":25,"href":"https:\/\/www.katar-information.de\/index.php\/wp-json\/wp\/v2\/pages\/966\/revisions"}],"predecessor-version":[{"id":1420,"href":"https:\/\/www.katar-information.de\/index.php\/wp-json\/wp\/v2\/pages\/966\/revisions\/1420"}],"up":[{"embeddable":true,"href":"https:\/\/www.katar-information.de\/index.php\/wp-json\/wp\/v2\/pages\/801"}],"wp:attachment":[{"href":"https:\/\/www.katar-information.de\/index.php\/wp-json\/wp\/v2\/media?parent=966"}],"curies":[{"name":"wp","href":"https:\/\/api.w.org\/{rel}","templated":true}]}}